{"id":358,"date":"2025-02-02T13:21:41","date_gmt":"2025-02-02T13:21:41","guid":{"rendered":"https:\/\/topcftv.com.br\/?page_id=358"},"modified":"2025-08-07T18:23:29","modified_gmt":"2025-08-07T18:23:29","slug":"cursos-2","status":"publish","type":"page","link":"https:\/\/topcftv.com.br\/index.php\/cursos-2\/","title":{"rendered":"Curso CFTV"},"content":{"rendered":"<p>[vc_row][vc_column][vc_btn title=&#8221;RESERVE J\u00c1 A SUA VAGA&#8221; style=&#8221;custom&#8221; custom_background=&#8221;#6dd622&#8243; custom_text=&#8221;#ffffff&#8221; align=&#8221;center&#8221; link=&#8221;url:https%3A%2F%2Ftopcftv.com.br%2Findex.php%2Fsmatricula%2F|title:Pr%C3%A9-Matricula||&#8221;][\/vc_column][\/vc_row][vc_row][vc_column][vc_column_text]<\/p>\n<div><strong>Objetivo Geral:<\/strong><\/div>\n<div>Capacitar os alunos a instalar, configurar e manter sistemas de CFTV, compreendendo as funcionalidades das c\u00e2meras de seguran\u00e7a, conex\u00f5es, redes, acesso remoto, legisla\u00e7\u00e3o e \u00e9tica envolvidas.<\/div>\n<div>Carga Hor\u00e1ria:<\/div>\n<div>Pr\u00e1tico e te\u00f3rico:<\/div>\n<div>\u2022 5 dias (10 horas totais)<\/div>\n<div>\u2022 2 horas por dia<\/div>\n<div>Pr\u00e1tica de campo:<\/div>\n<div>Realizado em uma instala\u00e7\u00e3o real.<\/div>\n<div>\u2022 1 dia (at\u00e9 6 horas totais)<\/div>\n<div>Total da carga 16hs\/Aula<\/div>\n<div>&#8211;<\/div>\n<div><strong>Dia 1 \u2013 Introdu\u00e7\u00e3o ao CFTV e Conceitos B\u00e1sicos<\/strong><\/div>\n<div>Objetivo do Dia:<\/div>\n<div>Apresentar os conceitos b\u00e1sicos de CFTV, sua import\u00e2ncia, componentes e o impacto da tecnologia na seguran\u00e7a.<\/div>\n<div>Conte\u00fado:<\/div>\n<div>1. Conceitos B\u00e1sicos de CFTV (30 min)<\/div>\n<div>o Defini\u00e7\u00e3o de CFTV<\/div>\n<div>o Import\u00e2ncia na seguran\u00e7a residencial, comercial e p\u00fablica<\/div>\n<div>o Hist\u00f3rico e evolu\u00e7\u00e3o do CFTV<\/div>\n<div>2. Aplica\u00e7\u00f5es do CFTV (30 min)<\/div>\n<div>o Seguran\u00e7a e preven\u00e7\u00e3o de crimes<\/div>\n<div>o Monitoramento em tempo real<\/div>\n<div>o Coleta de evid\u00eancias<\/div>\n<div>3. Componentes do CFTV (60 min)<\/div>\n<div>o C\u00e2meras de seguran\u00e7a (anal\u00f3gicas e digitais)<\/div>\n<div>o Gravador DVR<\/div>\n<div>o Fontes de alimenta\u00e7\u00e3o e conectores<\/div>\n<div>Atividade Pr\u00e1tica:<\/div>\n<div>\u2022 Discuss\u00e3o sobre os diferentes tipos de c\u00e2meras e suas aplica\u00e7\u00f5es (20 min).<\/div>\n<div>&#8211;<\/div>\n<div><strong>Dia 2 \u2013 C\u00e2meras de Seguran\u00e7a: Tipos, Instala\u00e7\u00e3o e Prote\u00e7\u00e3o IP<\/strong><\/div>\n<div>Objetivo do Dia:<\/div>\n<div>Familiarizar os alunos com os tipos de c\u00e2meras, suas caracter\u00edsticas, e explicar os n\u00edveis de prote\u00e7\u00e3o IP (Ingress Protection).<\/div>\n<div>Conte\u00fado:<\/div>\n<div>1. Tipos de C\u00e2meras (30 min)<\/div>\n<div>o C\u00e2meras Bullet<\/div>\n<div>o C\u00e2meras Dome<\/div>\n<div>2. Prote\u00e7\u00e3o IP (30 min)<\/div>\n<div>o Defini\u00e7\u00e3o de prote\u00e7\u00e3o IP<\/div>\n<div>o Classifica\u00e7\u00f5es de prote\u00e7\u00e3o contra s\u00f3lidos e l\u00edquidos<\/div>\n<div>o Compara\u00e7\u00e3o de c\u00e2meras IP66, IP67 e IP65<\/div>\n<div>3. Instala\u00e7\u00e3o F\u00edsica de C\u00e2meras (60 min)<\/div>\n<div>o Montagem de c\u00e2meras<\/div>\n<div>o Considera\u00e7\u00f5es sobre a altura e \u00e2ngulo de instala\u00e7\u00e3o<\/div>\n<div>o Prote\u00e7\u00e3o contra vandalismo<\/div>\n<div>Atividade Pr\u00e1tica:<\/div>\n<div>\u2022 Montagem de uma c\u00e2mera em laborat\u00f3rio (40 min).<\/div>\n<div>\u2022 Discuss\u00e3o em grupo sobre a escolha de c\u00e2meras para diferentes ambientes (20 min).<\/div>\n<div>&#8211;<\/div>\n<div><strong>Dia 3 \u2013 Redes, Conectores e Topologia de Cabeamento<\/strong><\/div>\n<div>Objetivo do Dia:<\/div>\n<div>Ensinar os alunos sobre a conectividade do sistema de CFTV, com foco em cabos, conectores e redes de dados.<\/div>\n<div>Conte\u00fado:<\/div>\n<div>1. Redes e Conectividade (40 min)<\/div>\n<div>o Tipos de redes para CFTV: Anal\u00f3gica e IP<\/div>\n<div>o Configura\u00e7\u00e3o de redes e cabeamento (coaxial e cabos UTP\/STP)<\/div>\n<div>2. Conectores BNC, P4, e RJ45 (40 min)<\/div>\n<div>o Fun\u00e7\u00f5es e uso de cada conector<\/div>\n<div>o Crimpagem e montagem de cabos<\/div>\n<div>3. Topologia de Cabeamento (40 min)<\/div>\n<div>o Dist\u00e2ncias m\u00e1ximas para cabos RG59 e RG6<\/div>\n<div>o Redu\u00e7\u00e3o de interfer\u00eancia e planejamento de instala\u00e7\u00e3o<\/div>\n<div>Atividade Pr\u00e1tica:<\/div>\n<div>\u2022 Montagem de um cabo RJ45 e BNC, seguido da conex\u00e3o \u00e0 c\u00e2mera e ao DVR (60 min).<\/div>\n<div>&#8211;<\/div>\n<div><strong>Dia 4 \u2013 Acesso Remoto e Configura\u00e7\u00e3o de DVR<\/strong><\/div>\n<div>Objetivo do Dia:<\/div>\n<div>Ensinar a configura\u00e7\u00e3o de DVRs e a implementa\u00e7\u00e3o do acesso remoto via P2P, al\u00e9m da integra\u00e7\u00e3o com a nuvem.<\/div>\n<div>Conte\u00fado:<\/div>\n<div>1. Configura\u00e7\u00e3o de DVR (40 min)<\/div>\n<div>o Conectar o DVR \u00e0s c\u00e2meras e \u00e0 rede<\/div>\n<div>o Configura\u00e7\u00e3o de grava\u00e7\u00e3o e armazenamento<\/div>\n<div>2. Acesso Remoto via P2P e Nuvem (40 min)<\/div>\n<div>o Defini\u00e7\u00e3o e import\u00e2ncia do P2P<\/div>\n<div>o Configura\u00e7\u00e3o de acesso remoto via aplicativos m\u00f3veis<\/div>\n<div>3. Testes de Conectividade e Monitoramento Remoto (40 min)<\/div>\n<div>o Verifica\u00e7\u00e3o de sinal de v\u00eddeo e qualidade da transmiss\u00e3o<\/div>\n<div>Atividade Pr\u00e1tica:<\/div>\n<div>\u2022 Configura\u00e7\u00e3o de um DVR real com visualiza\u00e7\u00e3o em tempo real via smartphone (60 min).<\/div>\n<div>&#8211;<\/div>\n<div><strong>Dia 5 \u2013 Legisla\u00e7\u00e3o, \u00c9tica e Avalia\u00e7\u00e3o Pr\u00e1tica<\/strong><\/div>\n<div>Objetivo do Dia:<\/div>\n<div>Debater a legisla\u00e7\u00e3o brasileira sobre privacidade, \u00e9tica no uso de CFTV, e realizar uma atividade pr\u00e1tica final envolvendo a instala\u00e7\u00e3o e configura\u00e7\u00e3o completa de um sistema CFTV.<\/div>\n<div>Conte\u00fado:<\/div>\n<div>1. Legisla\u00e7\u00e3o Brasileira (30 min)<\/div>\n<div>o Lei Geral de Prote\u00e7\u00e3o de Dados (LGPD)<\/div>\n<div>o C\u00f3digo Civil e privacidade<\/div>\n<div>o Regras sobre o uso de CFTV em locais p\u00fablicos e privados<\/div>\n<div>2. Quest\u00f5es \u00c9ticas no CFTV (30 min)<\/div>\n<div>o Uso respons\u00e1vel da tecnologia<\/div>\n<div>o Monitoramento em ambientes de trabalho<\/div>\n<div>3. Avalia\u00e7\u00e3o Final (60 min)<\/div>\n<div>o Instala\u00e7\u00e3o e configura\u00e7\u00e3o completa de um sistema CFTV com acesso remoto e testes de funcionalidade.<\/div>\n<div>Atividade Pr\u00e1tica:<\/div>\n<div>\u2022 Avalia\u00e7\u00e3o pr\u00e1tica: Montagem e configura\u00e7\u00e3o de um sistema completo, incluindo acesso remoto (60 min).<\/div>\n<div>\u2022 Discuss\u00e3o final sobre \u00e9tica e boas pr\u00e1ticas (20 min).<\/div>\n<div>&#8211;<\/div>\n<div>&#8211;<\/div>\n<div><strong>Metodologia:<\/strong><\/div>\n<div>Apostila<\/div>\n<div>Apresenta\u00e7\u00e3o de Slides simult\u00e2nea com a pr\u00e1tica de instala\u00e7\u00e3o em laborat\u00f3rio.<\/div>\n<div>Pr\u00e1tica de campo consiste na participa\u00e7\u00e3o em uma instala\u00e7\u00e3o real, colocando em pr\u00e1tica todo aprendizado de laborat\u00f3rio.<\/div>\n<p>[\/vc_column_text][\/vc_column][\/vc_row]<\/p>\n","protected":false},"excerpt":{"rendered":"<p>[vc_row][vc_column][vc_btn title=&#8221;RESERVE J\u00c1 A SUA VAGA&#8221; style=&#8221;custom&#8221; custom_background=&#8221;#6dd622&#8243; custom_text=&#8221;#ffffff&#8221; align=&#8221;center&#8221; link=&#8221;url:https%3A%2F%2Ftopcftv.com.br%2Findex.php%2Fsmatricula%2F|title:Pr%C3%A9-Matricula||&#8221;][\/vc_column][\/vc_row][vc_row][vc_column][vc_column_text] Objetivo Geral: Capacitar os alunos a instalar, configurar e manter sistemas de CFTV, compreendendo as funcionalidades das c\u00e2meras de seguran\u00e7a, conex\u00f5es, redes, acesso remoto, legisla\u00e7\u00e3o e \u00e9tica envolvidas. Carga Hor\u00e1ria: Pr\u00e1tico e te\u00f3rico: \u2022 5 dias (10 horas totais) \u2022 2 horas por dia [&hellip;]<\/p>\n","protected":false},"author":1,"featured_media":0,"parent":0,"menu_order":0,"comment_status":"closed","ping_status":"closed","template":"","meta":{"footnotes":""},"class_list":["post-358","page","type-page","status-publish","hentry"],"jetpack_sharing_enabled":true,"_links":{"self":[{"href":"https:\/\/topcftv.com.br\/index.php\/wp-json\/wp\/v2\/pages\/358","targetHints":{"allow":["GET"]}}],"collection":[{"href":"https:\/\/topcftv.com.br\/index.php\/wp-json\/wp\/v2\/pages"}],"about":[{"href":"https:\/\/topcftv.com.br\/index.php\/wp-json\/wp\/v2\/types\/page"}],"author":[{"embeddable":true,"href":"https:\/\/topcftv.com.br\/index.php\/wp-json\/wp\/v2\/users\/1"}],"replies":[{"embeddable":true,"href":"https:\/\/topcftv.com.br\/index.php\/wp-json\/wp\/v2\/comments?post=358"}],"version-history":[{"count":8,"href":"https:\/\/topcftv.com.br\/index.php\/wp-json\/wp\/v2\/pages\/358\/revisions"}],"predecessor-version":[{"id":415,"href":"https:\/\/topcftv.com.br\/index.php\/wp-json\/wp\/v2\/pages\/358\/revisions\/415"}],"wp:attachment":[{"href":"https:\/\/topcftv.com.br\/index.php\/wp-json\/wp\/v2\/media?parent=358"}],"curies":[{"name":"wp","href":"https:\/\/api.w.org\/{rel}","templated":true}]}}