{"id":363,"date":"2025-02-07T16:44:20","date_gmt":"2025-02-07T16:44:20","guid":{"rendered":"https:\/\/topcftv.com.br\/?post_type=product&#038;p=363"},"modified":"2025-02-07T20:24:49","modified_gmt":"2025-02-07T20:24:49","slug":"grade-de-protecao-externa","status":"publish","type":"product","link":"https:\/\/topcftv.com.br\/index.php\/produto\/grade-de-protecao-externa\/","title":{"rendered":"Grade de prote\u00e7\u00e3o"},"content":{"rendered":"<p>Fabricado em a\u00e7o carbono de alto impacto (A\u00e7o 1006 3 mm), proporcionando durabilidade e seguran\u00e7a. Com pintura ep\u00f3xi eletrost\u00e1tica resistente \u00e0s intemp\u00e9ries do dia a dia, evitando ferrugem e reflexo. Desenvolvido para proteger a c\u00e2mera de vandalismo e roubo, permite acesso para altera\u00e7\u00e3o de foco e regulagem vertical e horizontal sem a necessidade de retirar a prote\u00e7\u00e3o.<\/p>\n","protected":false},"excerpt":{"rendered":"<p>Nossa grade de prote\u00e7\u00e3o tem como fun\u00e7\u00e3o proteger c\u00e2meras de seguran\u00e7a contra roubos e atos de vandalismo. Feita em a\u00e7o galvanizado com pintura eletrost\u00e1tica (Ep\u00f3xi) super-resistente, adequada para exposi\u00e7\u00e3o ao tempo.<\/p>\n","protected":false},"featured_media":364,"comment_status":"open","ping_status":"closed","template":"","meta":[],"product_cat":[22],"product_tag":[],"class_list":{"0":"post-363","1":"product","2":"type-product","3":"status-publish","4":"has-post-thumbnail","6":"product_cat-grades-de-protecao","8":"first","9":"instock","10":"shipping-taxable","11":"purchasable","12":"product-type-simple"},"jetpack_sharing_enabled":true,"_links":{"self":[{"href":"https:\/\/topcftv.com.br\/index.php\/wp-json\/wp\/v2\/product\/363","targetHints":{"allow":["GET"]}}],"collection":[{"href":"https:\/\/topcftv.com.br\/index.php\/wp-json\/wp\/v2\/product"}],"about":[{"href":"https:\/\/topcftv.com.br\/index.php\/wp-json\/wp\/v2\/types\/product"}],"replies":[{"embeddable":true,"href":"https:\/\/topcftv.com.br\/index.php\/wp-json\/wp\/v2\/comments?post=363"}],"wp:featuredmedia":[{"embeddable":true,"href":"https:\/\/topcftv.com.br\/index.php\/wp-json\/wp\/v2\/media\/364"}],"wp:attachment":[{"href":"https:\/\/topcftv.com.br\/index.php\/wp-json\/wp\/v2\/media?parent=363"}],"wp:term":[{"taxonomy":"product_cat","embeddable":true,"href":"https:\/\/topcftv.com.br\/index.php\/wp-json\/wp\/v2\/product_cat?post=363"},{"taxonomy":"product_tag","embeddable":true,"href":"https:\/\/topcftv.com.br\/index.php\/wp-json\/wp\/v2\/product_tag?post=363"}],"curies":[{"name":"wp","href":"https:\/\/api.w.org\/{rel}","templated":true}]}}